{"id":217,"date":"2024-12-01T19:54:33","date_gmt":"2024-12-01T18:54:33","guid":{"rendered":"https:\/\/schwanheim-pfalz.com\/?page_id=217"},"modified":"2024-12-01T19:54:33","modified_gmt":"2024-12-01T18:54:33","slug":"obst-gartenbauverein-schwanheim","status":"publish","type":"page","link":"https:\/\/schwanheim-pfalz.com\/?page_id=217","title":{"rendered":"Obst- &amp; Gartenbauverein Schwanheim"},"content":{"rendered":"\n<p>Herzlich willkommen beim Obst- und Gartenbauverein Schwanheim! Wir sind ein aktiver und vielseitiger Verein, der sich der Pflege und F\u00f6rderung des Obst- und Gartenbaus widmet \u2013 und das nicht nur auf klassische Weise. Bei uns geht es um mehr als nur den Anbau von Gem\u00fcse! Wir setzen auf eine moderne und nachhaltige Gartenkultur, die die Vielfalt der Natur in den Mittelpunkt stellt. Unser Ziel ist es, das Bewusstsein f\u00fcr die Bedeutung von Artenvielfalt und naturnahem G\u00e4rtnern zu st\u00e4rken.<\/p>\n\n\n\n<p>In den letzten Jahren lag der Schwerpunkt unseres Vereins auf Vortr\u00e4gen und Veranstaltungen rund um den Gem\u00fcseanbau. Doch wir haben uns entschlossen, unser Angebot zu erweitern und den Blick auf die vielen Facetten des Gartenbaus zu richten. So wollen wir k\u00fcnftig verst\u00e4rkt Themen wie die Pflege von Streuobstwiesen, den Schutz der Artenvielfalt und das nachhaltige G\u00e4rtnern in den Fokus r\u00fccken.<\/p>\n\n\n\n<p>In Zukunft m\u00f6chten wir auch praxisorientierte Kurse anbieten, um unseren Mitgliedern und allen Interessierten wertvolle, und praktische Kenntnisse vermitteln, die direkt im eigenen Garten umgesetzt werden k\u00f6nnen.<\/p>\n\n\n\n<p>Wir freuen uns darauf, mit euch gemeinsam unser Wissen zu teilen, spannende Projekte anzusto\u00dfen und den Austausch unter Gartenfreunden zu f\u00f6rdern.<\/p>\n\n\n\n<p>Wenn ihr Interesse an unserem Verein oder an unseren Veranstaltungen habt, k\u00f6nnt ihr uns jederzeit \u00fcber <a href=\"mailto:info@ogv-schwanheim.de\">info@ogv-schwanheim.de<\/a> kontaktieren. Wir freuen uns auf euch!<\/p>\n\n\n\n<figure class=\"wp-block-image size-full\"><img loading=\"lazy\" decoding=\"async\" width=\"575\" height=\"358\" src=\"https:\/\/schwanheim-pfalz.com\/wp-content\/uploads\/2024\/12\/Logo_OUGBV-edited.png\" alt=\"\" class=\"wp-image-219\" srcset=\"https:\/\/schwanheim-pfalz.com\/wp-content\/uploads\/2024\/12\/Logo_OUGBV-edited.png 575w, https:\/\/schwanheim-pfalz.com\/wp-content\/uploads\/2024\/12\/Logo_OUGBV-edited-300x187.png 300w\" sizes=\"auto, (max-width: 575px) 100vw, 575px\" \/><\/figure>\n\n\n\n<p>Euer Obst- und Gartenbauverein Schwanheim<\/p>\n","protected":false},"excerpt":{"rendered":"<p>Herzlich willkommen beim Obst- und Gartenbauverein Schwanheim! Wir sind ein aktiver und vielseitiger Verein, der sich der Pflege und F\u00f6rderung des Obst- und Gartenbaus widmet \u2013 und das nicht nur auf klassische Weise. Bei uns geht es um mehr als nur den Anbau von Gem\u00fcse! Wir setzen auf eine moderne und nachhaltige Gartenkultur, die die [&hellip;]<\/p>\n","protected":false},"author":1,"featured_media":0,"parent":0,"menu_order":0,"comment_status":"closed","ping_status":"closed","template":"","meta":{"footnotes":""},"class_list":["post-217","page","type-page","status-publish","hentry"],"_links":{"self":[{"href":"https:\/\/schwanheim-pfalz.com\/index.php?rest_route=\/wp\/v2\/pages\/217","targetHints":{"allow":["GET"]}}],"collection":[{"href":"https:\/\/schwanheim-pfalz.com\/index.php?rest_route=\/wp\/v2\/pages"}],"about":[{"href":"https:\/\/schwanheim-pfalz.com\/index.php?rest_route=\/wp\/v2\/types\/page"}],"author":[{"embeddable":true,"href":"https:\/\/schwanheim-pfalz.com\/index.php?rest_route=\/wp\/v2\/users\/1"}],"replies":[{"embeddable":true,"href":"https:\/\/schwanheim-pfalz.com\/index.php?rest_route=%2Fwp%2Fv2%2Fcomments&post=217"}],"version-history":[{"count":1,"href":"https:\/\/schwanheim-pfalz.com\/index.php?rest_route=\/wp\/v2\/pages\/217\/revisions"}],"predecessor-version":[{"id":220,"href":"https:\/\/schwanheim-pfalz.com\/index.php?rest_route=\/wp\/v2\/pages\/217\/revisions\/220"}],"wp:attachment":[{"href":"https:\/\/schwanheim-pfalz.com\/index.php?rest_route=%2Fwp%2Fv2%2Fmedia&parent=217"}],"curies":[{"name":"wp","href":"https:\/\/api.w.org\/{rel}","templated":true}]}}