{"id":59,"date":"2024-02-24T21:33:42","date_gmt":"2024-02-24T20:33:42","guid":{"rendered":"http:\/\/wp.schwanheim-pfalz.com\/?page_id=59"},"modified":"2024-09-06T17:49:07","modified_gmt":"2024-09-06T15:49:07","slug":"gemeinde","status":"publish","type":"page","link":"https:\/\/schwanheim-pfalz.com\/?page_id=59","title":{"rendered":"Gemeinde"},"content":{"rendered":"\n<p><\/p>\n\n\n\n<div class=\"wp-block-group alignfull has-base-2-background-color has-background has-global-padding is-layout-constrained wp-container-core-group-is-layout-669513ed wp-block-group-is-layout-constrained\" style=\"margin-top:0;margin-bottom:0;padding-top:var(--wp--preset--spacing--50);padding-right:var(--wp--preset--spacing--50);padding-bottom:var(--wp--preset--spacing--50);padding-left:var(--wp--preset--spacing--50)\">\n<div class=\"wp-block-columns alignwide is-layout-flex wp-container-core-columns-is-layout-d0bbbce0 wp-block-columns-is-layout-flex\">\n<div class=\"wp-block-column is-layout-flow wp-container-core-column-is-layout-e3d1c41b wp-block-column-is-layout-flow\">\n<h3 class=\"wp-block-heading has-text-align-left is-style-default has-body-font-family has-medium-font-size\" style=\"font-style:normal;font-weight:600\">Gemeinde<\/h3>\n\n\n\n<p class=\"has-text-align-left\">76848 Schwanheim liegt inmitten des Pf\u00e4lzer Wald und geh\u00f6rt zur Verbandsgemeinde Hauenstein \/ Landkreis S\u00fcdwestpfalz. <\/p>\n\n\n\n<p class=\"has-text-align-left\">Die Gemarkungsfl\u00e4che betr\u00e4gt 696 ha.<\/p>\n\n\n\n<p>In Schwanheim leben 569 Einwohner <br>(Stand 30.06.2024).<\/p>\n\n\n\n<p><\/p>\n\n\n\n<p><\/p>\n<\/div>\n\n\n\n<div class=\"wp-block-column is-layout-flow wp-container-core-column-is-layout-e3d1c41b wp-block-column-is-layout-flow\">\n<h3 class=\"wp-block-heading has-text-align-left is-style-default has-body-font-family has-medium-font-size\" style=\"font-style:normal;font-weight:600\">B\u00fcrgermeister \/ Gemeinderat 2024-2029<\/h3>\n\n\n\n<p><strong><em>B\u00fcrgermeister<\/em>: <\/strong><\/p>\n\n\n\n<ul class=\"wp-block-list\">\n<li>Herbert Schwarzm\u00fcller<\/li>\n<\/ul>\n\n\n\n<p><\/p>\n\n\n\n<p><\/p>\n\n\n\n<p><strong><em>Gemeinderat<\/em>:<\/strong><\/p>\n\n\n\n<ul class=\"wp-block-list\">\n<li>Nicolas Scheiwe (1. Beigeordneter)<\/li>\n\n\n\n<li>Lorenz Steigner (2. Beigeordneter)<\/li>\n\n\n\n<li>Hans Schwarzm\u00fcller<\/li>\n\n\n\n<li>Franz-Josef Kerner<\/li>\n\n\n\n<li>Gerhard Baudy<\/li>\n\n\n\n<li>Tina Wei\u00dfler<\/li>\n\n\n\n<li>Nicole Cherie-Kerner (3. Beigeordnete)<\/li>\n\n\n\n<li>Alexander Ring<\/li>\n\n\n\n<li>Stefan Eckerle<\/li>\n\n\n\n<li>Richard Strubel<\/li>\n\n\n\n<li>Michael Stoffel<\/li>\n\n\n\n<li>Sascha Brunner<\/li>\n<\/ul>\n<\/div>\n\n\n\n<div class=\"wp-block-column is-layout-flow wp-container-core-column-is-layout-e3d1c41b wp-block-column-is-layout-flow\">\n<h3 class=\"wp-block-heading has-text-align-left is-style-default has-body-font-family has-medium-font-size\" style=\"font-style:normal;font-weight:600\">Geschichte<\/h3>\n\n\n\n<p>Die ersten Hinweise einer Besiedlung unserer Gegend bezeugen drei Steinbeile aus der Zeit um 5000 bis 6000v. Chr. Die bei Schwanheim gefunden wurden. Diese werden heute im Pf\u00e4lzischen Landesmuseum in Speyer aufbewahrt.<\/p>\n\n\n\n<p>Die genaue Gr\u00fcndung Schwanheims ist nicht bekannt. Es ist anzunehmen das Schwanheim, sowie auch die umliegenden Gemeinden, um das Jahr 800 schon als kleine Siedlung existierte. Vermutlich von Benediktinerm\u00f6nchen aus dem Kloster Hornbach, die unser Gebiet kultivierten, gegr\u00fcndet.<\/p>\n\n\n\n<p>Urkundlich erstmals erw\u00e4hnt wird Schwanheim in einer Schenkungsurkunde des Mainzer Erzbischofs Adalbert 1. vom 25. M\u00e4rz 1135 als \u201eSwanden\u201c. Dieses altdeutsche Wort bedeutet so viel wie roden, urbarmachen.<\/p>\n<\/div>\n<\/div>\n<\/div>\n\n\n\n<div class=\"wp-block-group has-global-padding is-layout-constrained wp-block-group-is-layout-constrained\">\n<iframe src=\"https:\/\/www.google.com\/maps\/embed?pb=!1m18!1m12!1m3!1d20869.132310569647!2d7.862888835325273!3d49.1694118680334!2m3!1f0!2f0!3f0!3m2!1i1024!2i768!4f13.1!3m3!1m2!1s0x47965e04d82bf0e3%3A0x126b85728780e444!2s76848%20Schwanheim!5e0!3m2!1sde!2sde!4v1709496170234!5m2!1sde!2sde\" width=\"600\" height=\"450\" style=\"border:0;\" allowfullscreen=\"\" loading=\"lazy\" referrerpolicy=\"no-referrer-when-downgrade\"><\/iframe>\n\n\n\n<h2 class=\"wp-block-heading\"><\/h2>\n<\/div>\n","protected":false},"excerpt":{"rendered":"<p>Gemeinde 76848 Schwanheim liegt inmitten des Pf\u00e4lzer Wald und geh\u00f6rt zur Verbandsgemeinde Hauenstein \/ Landkreis S\u00fcdwestpfalz. Die Gemarkungsfl\u00e4che betr\u00e4gt 696 ha. In Schwanheim leben 569 Einwohner (Stand 30.06.2024). B\u00fcrgermeister \/ Gemeinderat 2024-2029 B\u00fcrgermeister: Gemeinderat: Geschichte Die ersten Hinweise einer Besiedlung unserer Gegend bezeugen drei Steinbeile aus der Zeit um 5000 bis 6000v. Chr. Die bei [&hellip;]<\/p>\n","protected":false},"author":1,"featured_media":0,"parent":0,"menu_order":0,"comment_status":"closed","ping_status":"closed","template":"","meta":{"footnotes":""},"class_list":["post-59","page","type-page","status-publish","hentry"],"_links":{"self":[{"href":"https:\/\/schwanheim-pfalz.com\/index.php?rest_route=\/wp\/v2\/pages\/59","targetHints":{"allow":["GET"]}}],"collection":[{"href":"https:\/\/schwanheim-pfalz.com\/index.php?rest_route=\/wp\/v2\/pages"}],"about":[{"href":"https:\/\/schwanheim-pfalz.com\/index.php?rest_route=\/wp\/v2\/types\/page"}],"author":[{"embeddable":true,"href":"https:\/\/schwanheim-pfalz.com\/index.php?rest_route=\/wp\/v2\/users\/1"}],"replies":[{"embeddable":true,"href":"https:\/\/schwanheim-pfalz.com\/index.php?rest_route=%2Fwp%2Fv2%2Fcomments&post=59"}],"version-history":[{"count":17,"href":"https:\/\/schwanheim-pfalz.com\/index.php?rest_route=\/wp\/v2\/pages\/59\/revisions"}],"predecessor-version":[{"id":189,"href":"https:\/\/schwanheim-pfalz.com\/index.php?rest_route=\/wp\/v2\/pages\/59\/revisions\/189"}],"wp:attachment":[{"href":"https:\/\/schwanheim-pfalz.com\/index.php?rest_route=%2Fwp%2Fv2%2Fmedia&parent=59"}],"curies":[{"name":"wp","href":"https:\/\/api.w.org\/{rel}","templated":true}]}}