{"id":85,"date":"2024-02-27T20:45:52","date_gmt":"2024-02-27T19:45:52","guid":{"rendered":"http:\/\/wp.schwanheim-pfalz.com\/?page_id=85"},"modified":"2026-01-22T22:05:11","modified_gmt":"2026-01-22T21:05:11","slug":"vereine","status":"publish","type":"page","link":"https:\/\/schwanheim-pfalz.com\/?page_id=85","title":{"rendered":"Vereine &#038; Gemeinschaft"},"content":{"rendered":"\n<p>Hier sehen Sie die Schwanheimer Vereine und jene, <br>die unserer Gemeinde wirken.<\/p>\n\n\n\n<div class=\"wp-block-group alignfull has-gradient-1-gradient-background has-background has-global-padding is-layout-constrained wp-container-core-group-is-layout-669513ed wp-block-group-is-layout-constrained\" style=\"margin-top:0;margin-bottom:0;padding-top:var(--wp--preset--spacing--50);padding-right:var(--wp--preset--spacing--50);padding-bottom:var(--wp--preset--spacing--50);padding-left:var(--wp--preset--spacing--50)\">\n<figure class=\"wp-block-table alignwide\"><table><tbody><tr><td><strong>Verein<\/strong><\/td><td><strong>Vorsitz (&amp; Adresse<\/strong>)<\/td><td><strong>Vereinsvorstellung<\/strong><\/td><td><strong>Kontakt<\/strong><\/td><\/tr><tr><td>F\u00f6rderverein Dorfgemeinschaft<\/td><td>Kornelia Benz<\/td><td><\/td><td><\/td><\/tr><tr><td>F\u00f6rderverein des kath. Kindergarten<\/td><td>Marcel Pfeifer<\/td><td><\/td><td><\/td><\/tr><tr><td>Katholische Kirchengemeinde<\/td><td>Marienstra\u00dfe 12<br>76846 Hauenstein<\/td><td><a href=\"https:\/\/www.pfarrei-hauenstein.de\/\">https:\/\/www.pfarrei-hauenstein.de\/<\/a><\/td><td>Tel. 06392 \/ 99 39 69<br>Fax. 06392 \/ 99 40 79<br><a href=\"mailto:pfarramt.hauenstein@bistum-speyer.de\">pfarramt.hauenstein@bistum-speyer.de<\/a><\/td><\/tr><tr><td>Obst- und Gartenbauverein<\/td><td>Jasmin Pfeifer<\/td><td><a href=\"https:\/\/schwanheim-pfalz.com\/?page_id=217\" data-type=\"page\" data-id=\"217\">Zur Vorstellung &#8222;Obst- &amp; Gartenbauverein Schwanheim&#8220;<\/a><\/td><td><a href=\"mailto:info@ogv-schwanheim.de\">info@ogv-schwanheim.de<\/a><\/td><\/tr><tr><td>Pf\u00e4lzerwaldverein<\/td><td>Uwe Scharzm\u00fcller, Steinweiler<\/td><td><\/td><td><\/td><\/tr><tr><td>Singkreis &#8222;Allegro&#8220;<\/td><td>B\u00e4rbel Grimm<\/td><td><a href=\"http:\/\/wp.schwanheim-pfalz.com\/?page_id=109\" data-type=\"link\" data-id=\"http:\/\/wp.schwanheim-pfalz.com\/?page_id=109\">Zur Vorstellung &#8222;Allegro&#8220;<\/a><\/td><td>0178 2315886<br><a href=\"mailto:baerbel.grimm65@web.de\">baerbel.grimm65@web.de<\/a><\/td><\/tr><tr><td>Sportverein \/ ASV Schwanheim<\/td><td>Monika Christmann<br><br><br><br><br><br><br><\/td><td>Vorsitzende<br><br><br><a href=\"https:\/\/schwanheim-pfalz.com\/?page_id=197\" data-type=\"page\" data-id=\"197\">ASV &#8211; Aerobic<\/a><br><br><a href=\"https:\/\/schwanheim-pfalz.com\/?p=204\" data-type=\"post\" data-id=\"204\">Seniorengymnastik<\/a><br><br><a href=\"https:\/\/schwanheim-pfalz.com\/?page_id=271\" data-type=\"page\" data-id=\"271\">Tanz dich fit<\/a><\/td><td>Monika Christmann, 0172 4630387<br><a href=\"mailto:asvschwanheim@web.de\" target=\"_blank\" rel=\"noreferrer noopener\">asvschwanheim@web.de<\/a>\u00a0<br><br>Nicole Weber, Tel. 06392-409553<br><br>Nicole Cherie-Kerner, Tel. 06392-994564<br><br>Prisca Burchert, Tel. 0176-56942606<\/td><\/tr><tr><td>Vogelfreunde Wasgautal<\/td><td>Josef Strubel, Vorderweidenthal<\/td><td><a href=\"http:\/\/vogelfreunde-wasgautal.de\/\"><\/a><a href=\"http:\/\/vogelfreunde-wasgautal.de\/\">Vogelfreunde-Wasgautal.de<\/a><\/td><td><\/td><\/tr><tr><td>Waldbauverein &#8222;Oberes Rinnbachtal&#8220;<\/td><td><\/td><td><a href=\"https:\/\/www.waldbauverein-oberes-rinnbachtal.de\/\">https:\/\/www.waldbauverein-oberes-rinnbachtal.de\/<\/a><\/td><td><a href=\"mailto:johannes@waldbauverein-oberes-rinnbachtal.de\">johannes@waldbauverein-oberes-rinnbachtal.de<\/a><\/td><\/tr><\/tbody><\/table><\/figure>\n<\/div>\n","protected":false},"excerpt":{"rendered":"<p>Hier sehen Sie die Schwanheimer Vereine und jene, die unserer Gemeinde wirken. Verein Vorsitz (&amp; Adresse) Vereinsvorstellung Kontakt F\u00f6rderverein Dorfgemeinschaft Kornelia Benz F\u00f6rderverein des kath. Kindergarten Marcel Pfeifer Katholische Kirchengemeinde Marienstra\u00dfe 1276846 Hauenstein https:\/\/www.pfarrei-hauenstein.de\/ Tel. 06392 \/ 99 39 69Fax. 06392 \/ 99 40 79pfarramt.hauenstein@bistum-speyer.de Obst- und Gartenbauverein Jasmin Pfeifer Zur Vorstellung &#8222;Obst- &amp; Gartenbauverein [&hellip;]<\/p>\n","protected":false},"author":1,"featured_media":0,"parent":0,"menu_order":0,"comment_status":"closed","ping_status":"closed","template":"","meta":{"footnotes":""},"class_list":["post-85","page","type-page","status-publish","hentry"],"_links":{"self":[{"href":"https:\/\/schwanheim-pfalz.com\/index.php?rest_route=\/wp\/v2\/pages\/85","targetHints":{"allow":["GET"]}}],"collection":[{"href":"https:\/\/schwanheim-pfalz.com\/index.php?rest_route=\/wp\/v2\/pages"}],"about":[{"href":"https:\/\/schwanheim-pfalz.com\/index.php?rest_route=\/wp\/v2\/types\/page"}],"author":[{"embeddable":true,"href":"https:\/\/schwanheim-pfalz.com\/index.php?rest_route=\/wp\/v2\/users\/1"}],"replies":[{"embeddable":true,"href":"https:\/\/schwanheim-pfalz.com\/index.php?rest_route=%2Fwp%2Fv2%2Fcomments&post=85"}],"version-history":[{"count":25,"href":"https:\/\/schwanheim-pfalz.com\/index.php?rest_route=\/wp\/v2\/pages\/85\/revisions"}],"predecessor-version":[{"id":276,"href":"https:\/\/schwanheim-pfalz.com\/index.php?rest_route=\/wp\/v2\/pages\/85\/revisions\/276"}],"wp:attachment":[{"href":"https:\/\/schwanheim-pfalz.com\/index.php?rest_route=%2Fwp%2Fv2%2Fmedia&parent=85"}],"curies":[{"name":"wp","href":"https:\/\/api.w.org\/{rel}","templated":true}]}}